{"id":7,"date":"2018-08-27T14:30:58","date_gmt":"2018-08-27T12:30:58","guid":{"rendered":"http:\/\/victoriapolis.com\/?page_id=7"},"modified":"2018-08-27T15:12:12","modified_gmt":"2018-08-27T13:12:12","slug":"accueil","status":"publish","type":"page","link":"https:\/\/victoriapolis.com\/","title":{"rendered":"Accueil"},"content":{"rendered":"<p align=\"JUSTIFY\"><span style=\"font-family: Times New Roman, serif;\"><span style=\"font-size: medium;\">L\u2019architecture avait peu \u00e9volu\u00e9 depuis la naissance de la ville, on y trouvait \u00e9videmment des formes modernes de construction, mais la grande majorit\u00e9 de ces colosses dataient de l\u2019\u00e9poque victorienne. Le Coin Bleu d\u00e9gageait une ambiance \u00e9trange et plus particuli\u00e8rement autour des buildings les plus anciens. Comme un voile myst\u00e9rieux cachant une forme d\u2019alchimie complexe organis\u00e9 autour de ces quelques golems de terre cuite et de verre, un subtil m\u00e9lange qui arrivait \u00e0 transformer l\u2019entropie de cet espace grouillant et noir de monde en une forme cadr\u00e9e et organis\u00e9e de travail et d\u2019ambition. Comme si Victoriapolis elle-m\u00eame asservissait les femmes et les hommes qui travaillaient dans ces immeubles et les contraignait \u00e0 se plier \u00e0 sa volont\u00e9 pour g\u00e9n\u00e9rer de l\u2019argent.<br \/>\n<\/span><\/span><\/p>\n","protected":false},"excerpt":{"rendered":"<p>L\u2019architecture avait peu \u00e9volu\u00e9 depuis la naissance de la ville, on y trouvait \u00e9videmment des formes modernes de construction, mais la grande majorit\u00e9 de ces colosses dataient de l\u2019\u00e9poque victorienne. Le Coin Bleu d\u00e9gageait une ambiance \u00e9trange et plus particuli\u00e8rement autour des buildings les plus anciens. Comme un voile myst\u00e9rieux cachant une forme d\u2019alchimie complexe&hellip; <br \/> <a class=\"read-more\" href=\"https:\/\/victoriapolis.com\/\">Lire la suite<\/a><\/p>\n","protected":false},"author":1,"featured_media":0,"parent":0,"menu_order":0,"comment_status":"closed","ping_status":"closed","template":"","meta":{"footnotes":""},"class_list":["post-7","page","type-page","status-publish","hentry"],"_links":{"self":[{"href":"https:\/\/victoriapolis.com\/index.php?rest_route=\/wp\/v2\/pages\/7","targetHints":{"allow":["GET"]}}],"collection":[{"href":"https:\/\/victoriapolis.com\/index.php?rest_route=\/wp\/v2\/pages"}],"about":[{"href":"https:\/\/victoriapolis.com\/index.php?rest_route=\/wp\/v2\/types\/page"}],"author":[{"embeddable":true,"href":"https:\/\/victoriapolis.com\/index.php?rest_route=\/wp\/v2\/users\/1"}],"replies":[{"embeddable":true,"href":"https:\/\/victoriapolis.com\/index.php?rest_route=%2Fwp%2Fv2%2Fcomments&post=7"}],"version-history":[{"count":4,"href":"https:\/\/victoriapolis.com\/index.php?rest_route=\/wp\/v2\/pages\/7\/revisions"}],"predecessor-version":[{"id":33,"href":"https:\/\/victoriapolis.com\/index.php?rest_route=\/wp\/v2\/pages\/7\/revisions\/33"}],"wp:attachment":[{"href":"https:\/\/victoriapolis.com\/index.php?rest_route=%2Fwp%2Fv2%2Fmedia&parent=7"}],"curies":[{"name":"wp","href":"https:\/\/api.w.org\/{rel}","templated":true}]}}