{"id":8,"date":"2018-08-27T14:30:58","date_gmt":"2018-08-27T12:30:58","guid":{"rendered":"http:\/\/victoriapolis.com\/?page_id=8"},"modified":"2023-12-27T23:17:56","modified_gmt":"2023-12-27T22:17:56","slug":"a-propos-de","status":"publish","type":"page","link":"https:\/\/victoriapolis.com\/?page_id=8","title":{"rendered":"L&rsquo;auteur"},"content":{"rendered":"\n<p>Alex L. est n\u00e9 en 1983 en Belgique o\u00f9 il y vit toujours.<\/p>\n\n\n\n<p>Informaticien de formation, il travaille actuellement dans les Hauts-de-France comme consultant pour diverses entreprises.<\/p>\n\n\n\n<p>Au fil des ann\u00e9es, notre homme de l&rsquo;ombre a d\u00e9vor\u00e9 d&rsquo;innombrables romans d&rsquo;\u00e9pouvante et d&rsquo;horreur, se d\u00e9lectant des frissons qui parcourent son \u00e9chine \u00e0 chaque page tourn\u00e9e. Ses nuits \u00e9taient berc\u00e9es par des cauchemars d\u00e9licieusement angoissants, et il a trouv\u00e9 une sorte de r\u00e9confort dans l&rsquo;adr\u00e9naline que seule la terreur litt\u00e9raire et cin\u00e9matographique pouvait lui procurer.<\/p>\n\n\n\n<p>Mais un jour, une sinistre id\u00e9e a germ\u00e9 dans son esprit fertile. L&rsquo;envie de cr\u00e9er et de donner vie \u00e0 ses propres cauchemars s&rsquo;est impos\u00e9e \u00e0 lui comme une \u00e9vidence.<br>\u00c0 37 ans, il a d\u00e9cid\u00e9 sur le tard de se lancer dans l&rsquo;\u00e9criture d&rsquo;un roman d&rsquo;horreur, embrassant ainsi sa passion pour l&rsquo;inexpliqu\u00e9 et l&rsquo;effrayant d&rsquo;une mani\u00e8re nouvelle et audacieuse.<\/p>\n","protected":false},"excerpt":{"rendered":"<p>Alex L. est n\u00e9 en 1983 en Belgique o\u00f9 il y vit toujours. Informaticien de formation, il travaille actuellement dans les Hauts-de-France comme consultant pour diverses entreprises. Au fil des ann\u00e9es, notre homme de l&rsquo;ombre a d\u00e9vor\u00e9 d&rsquo;innombrables romans d&rsquo;\u00e9pouvante et d&rsquo;horreur, se d\u00e9lectant des frissons qui parcourent son \u00e9chine \u00e0 chaque page tourn\u00e9e. Ses&hellip; <br \/> <a class=\"read-more\" href=\"https:\/\/victoriapolis.com\/?page_id=8\">Lire la suite<\/a><\/p>\n","protected":false},"author":2,"featured_media":0,"parent":0,"menu_order":0,"comment_status":"closed","ping_status":"closed","template":"","meta":{"footnotes":""},"class_list":["post-8","page","type-page","status-publish","hentry"],"_links":{"self":[{"href":"https:\/\/victoriapolis.com\/index.php?rest_route=\/wp\/v2\/pages\/8","targetHints":{"allow":["GET"]}}],"collection":[{"href":"https:\/\/victoriapolis.com\/index.php?rest_route=\/wp\/v2\/pages"}],"about":[{"href":"https:\/\/victoriapolis.com\/index.php?rest_route=\/wp\/v2\/types\/page"}],"author":[{"embeddable":true,"href":"https:\/\/victoriapolis.com\/index.php?rest_route=\/wp\/v2\/users\/2"}],"replies":[{"embeddable":true,"href":"https:\/\/victoriapolis.com\/index.php?rest_route=%2Fwp%2Fv2%2Fcomments&post=8"}],"version-history":[{"count":5,"href":"https:\/\/victoriapolis.com\/index.php?rest_route=\/wp\/v2\/pages\/8\/revisions"}],"predecessor-version":[{"id":54,"href":"https:\/\/victoriapolis.com\/index.php?rest_route=\/wp\/v2\/pages\/8\/revisions\/54"}],"wp:attachment":[{"href":"https:\/\/victoriapolis.com\/index.php?rest_route=%2Fwp%2Fv2%2Fmedia&parent=8"}],"curies":[{"name":"wp","href":"https:\/\/api.w.org\/{rel}","templated":true}]}}